{"id":138,"date":"2024-10-14T18:43:06","date_gmt":"2024-10-14T18:43:06","guid":{"rendered":"http:\/\/dromerfarukvanlioglu.com\/?page_id=138"},"modified":"2024-10-14T18:43:08","modified_gmt":"2024-10-14T18:43:08","slug":"iletisim","status":"publish","type":"page","link":"https:\/\/dromerfarukvanlioglu.com\/index.php\/iletisim\/","title":{"rendered":"\u0130leti\u015fim"},"content":{"rendered":"\n<p>Fera Business \u0130\u015fmerkezi,S\u00fct\u00e7\u00fc \u0130mam Cad.,Nam\u0131k Kemal Mah.,NO:28-34\/6.kat \u00dcmraniye\/ \u0130stanbul<\/p>\n\n\n\n<p>+90 543 516 61 15<\/p>\n\n\n\n<p>+90 216 515 61 15<\/p>\n\n\n\n<p>fvanlioglu@gmail.com<\/p>\n\n\n\n<p><\/p>\n","protected":false},"excerpt":{"rendered":"<p>Fera Business \u0130\u015fmerkezi,S\u00fct\u00e7\u00fc \u0130mam Cad.,Nam\u0131k Kemal Mah.,NO:28-34\/6.kat \u00dcmraniye\/ \u0130stanbul +90 543 516 61 15 +90 216 515 61 15 fvanlioglu@gmail.com<\/p>\n","protected":false},"author":1,"featured_media":0,"parent":0,"menu_order":0,"comment_status":"closed","ping_status":"closed","template":"","meta":{"_joinchat":[],"footnotes":""},"class_list":["post-138","page","type-page","status-publish","hentry","comments-off"],"_links":{"self":[{"href":"https:\/\/dromerfarukvanlioglu.com\/index.php\/wp-json\/wp\/v2\/pages\/138"}],"collection":[{"href":"https:\/\/dromerfarukvanlioglu.com\/index.php\/wp-json\/wp\/v2\/pages"}],"about":[{"href":"https:\/\/dromerfarukvanlioglu.com\/index.php\/wp-json\/wp\/v2\/types\/page"}],"author":[{"embeddable":true,"href":"https:\/\/dromerfarukvanlioglu.com\/index.php\/wp-json\/wp\/v2\/users\/1"}],"replies":[{"embeddable":true,"href":"https:\/\/dromerfarukvanlioglu.com\/index.php\/wp-json\/wp\/v2\/comments?post=138"}],"version-history":[{"count":1,"href":"https:\/\/dromerfarukvanlioglu.com\/index.php\/wp-json\/wp\/v2\/pages\/138\/revisions"}],"predecessor-version":[{"id":139,"href":"https:\/\/dromerfarukvanlioglu.com\/index.php\/wp-json\/wp\/v2\/pages\/138\/revisions\/139"}],"wp:attachment":[{"href":"https:\/\/dromerfarukvanlioglu.com\/index.php\/wp-json\/wp\/v2\/media?parent=138"}],"curies":[{"name":"wp","href":"https:\/\/api.w.org\/{rel}","templated":true}]}}