{"id":80,"date":"2026-03-29T06:37:41","date_gmt":"2026-03-29T06:37:41","guid":{"rendered":"http:\/\/dromerfarukvanlioglu.com\/?page_id=80"},"modified":"2026-03-29T06:37:41","modified_gmt":"2026-03-29T06:37:41","slug":"kadin-hastaliklari-ve-tup-bebek","status":"publish","type":"page","link":"https:\/\/dromerfarukvanlioglu.com\/","title":{"rendered":"Kad\u0131n Hastal\u0131klar\u0131 ve T\u00fcp Bebek"},"content":{"rendered":"\n<p>Dr.\u00d6mer Faruk Vanl\u0131o\u011flu<\/p>\n\n\n\n<figure class=\"wp-block-image\"><img decoding=\"async\" src=\"http:\/\/www.orionef.com\/wp-content\/uploads\/2018\/06\/cropped-cropped-cropped-cropped-IMG_3362-1-1-1.jpg\" alt=\"\" class=\"wp-image-543\"\/><\/figure>\n\n\n\n<p class=\"has-small-font-size\">Web sitemizin i\u00e7eri\u011fi,Dr.\u00d6mer Faruk Vanl\u0131o\u011flu taraf\u0131ndan bilgilendirme amac\u0131yla haz\u0131rlanm\u0131\u015ft\u0131r.Sitede yer alan bilgiler hi\u00e7bir zaman hekim tedavisinin ve konsultasyonunun yerini alamaz.<\/p>\n","protected":false},"excerpt":{"rendered":"<p>Dr.\u00d6mer Faruk Vanl\u0131o\u011flu Web sitemizin i\u00e7eri\u011fi,Dr.\u00d6mer Faruk Vanl\u0131o\u011flu taraf\u0131ndan bilgilendirme amac\u0131yla haz\u0131rlanm\u0131\u015ft\u0131r.Sitede yer alan bilgiler hi\u00e7bir zaman hekim tedavisinin ve<\/p>\n","protected":false},"author":1,"featured_media":0,"parent":0,"menu_order":0,"comment_status":"closed","ping_status":"closed","template":"","meta":{"_joinchat":[],"footnotes":""},"class_list":["post-80","page","type-page","status-publish","hentry","comments-off"],"_links":{"self":[{"href":"https:\/\/dromerfarukvanlioglu.com\/index.php\/wp-json\/wp\/v2\/pages\/80"}],"collection":[{"href":"https:\/\/dromerfarukvanlioglu.com\/index.php\/wp-json\/wp\/v2\/pages"}],"about":[{"href":"https:\/\/dromerfarukvanlioglu.com\/index.php\/wp-json\/wp\/v2\/types\/page"}],"author":[{"embeddable":true,"href":"https:\/\/dromerfarukvanlioglu.com\/index.php\/wp-json\/wp\/v2\/users\/1"}],"replies":[{"embeddable":true,"href":"https:\/\/dromerfarukvanlioglu.com\/index.php\/wp-json\/wp\/v2\/comments?post=80"}],"version-history":[{"count":5,"href":"https:\/\/dromerfarukvanlioglu.com\/index.php\/wp-json\/wp\/v2\/pages\/80\/revisions"}],"predecessor-version":[{"id":162,"href":"https:\/\/dromerfarukvanlioglu.com\/index.php\/wp-json\/wp\/v2\/pages\/80\/revisions\/162"}],"wp:attachment":[{"href":"https:\/\/dromerfarukvanlioglu.com\/index.php\/wp-json\/wp\/v2\/media?parent=80"}],"curies":[{"name":"wp","href":"https:\/\/api.w.org\/{rel}","templated":true}]}}